{"id":194,"date":"2023-06-16T14:08:42","date_gmt":"2023-06-16T19:08:42","guid":{"rendered":"https:\/\/uniqhomesrealestateagency.com\/?page_id=194"},"modified":"2023-06-18T03:44:48","modified_gmt":"2023-06-18T08:44:48","slug":"servicios","status":"publish","type":"page","link":"https:\/\/uniqhomesrealestateagency.com\/index.php\/servicios\/","title":{"rendered":"Servicios"},"content":{"rendered":"\n<div class=\"wp-block-columns alignwide is-layout-flex wp-container-3\">\n<div class=\"wp-block-column is-layout-flow\">\n<p class=\"has-text-align-center has-source-serif-pro-font-family has-large-font-size\" style=\"font-style:italic;font-weight:700\">Compra con nosotros<\/p>\n\n\n\n<p class=\"has-source-serif-pro-font-family has-medium-font-size\" style=\"font-style:italic;font-weight:700\">\u00bfNo has encontrado lo que buscas? De ser as\u00ed, est\u00e1s en el lugar adecuado.&nbsp;&nbsp;<\/p>\n\n\n\n<p class=\"has-source-serif-pro-font-family has-medium-font-size\" style=\"font-style:italic;font-weight:700\">Dinos cu\u00e1les son tus expectativas y nosotros nos encargamos de que se cumplan.&nbsp;<\/p>\n\n\n\n<p class=\"has-source-serif-pro-font-family has-medium-font-size\" style=\"font-style:italic;font-weight:700\">No somos una inmobiliaria al uso. Somos tu&nbsp;personal&nbsp;shopper&nbsp;inmobiliario. Sabemos lo importante que es tu tiempo libre y las horas que se necesitan para buscar un hogar que cumpla con tus expectativas. Es por eso que nosotros lo haremos por ti, evit\u00e1ndote visitas a inmuebles que no se adaptan a tus necesidades y que te hacen perder el tiempo.&nbsp;Te ayudaremos a encontrar el hogar que est\u00e1s buscando, asesor\u00e1ndote desde la honestidad e inform\u00e1ndote de los pros y contras para que puedas tomar la decisi\u00f3n m\u00e1s adecuada.&nbsp;&nbsp;<\/p>\n\n\n\n<p class=\"has-source-serif-pro-font-family has-medium-font-size\" style=\"font-style:italic;font-weight:700\">Haremos que sea una experiencia agradable, para que&nbsp;desde la calma y tranquilidad puedas encontrar lo que realmente est\u00e1s buscando.<\/p>\n<\/div>\n\n\n\n<div class=\"wp-block-column is-vertically-aligned-center is-layout-flow\">\n<figure class=\"wp-block-image aligncenter size-full is-resized\"><img decoding=\"async\" loading=\"lazy\" src=\"https:\/\/uniqhomesrealestateagency.com\/wp-content\/uploads\/2023\/06\/Com-pra-con-nosotros-2.jpg\" alt=\"\" class=\"wp-image-202\" width=\"586\" height=\"389\"\/><\/figure>\n<\/div>\n<\/div>\n\n\n\n<hr class=\"wp-block-separator alignwide has-alpha-channel-opacity\"\/>\n\n\n\n<div class=\"wp-block-columns alignwide is-layout-flex wp-container-6\">\n<div class=\"wp-block-column is-layout-flow\">\n<figure class=\"wp-block-image size-full\"><img decoding=\"async\" loading=\"lazy\" width=\"650\" height=\"479\" src=\"https:\/\/uniqhomesrealestateagency.com\/wp-content\/uploads\/2023\/06\/Vende-con-nosotros.jpg\" alt=\"\" class=\"wp-image-203\" srcset=\"https:\/\/uniqhomesrealestateagency.com\/wp-content\/uploads\/2023\/06\/Vende-con-nosotros.jpg 650w, https:\/\/uniqhomesrealestateagency.com\/wp-content\/uploads\/2023\/06\/Vende-con-nosotros-300x221.jpg 300w\" sizes=\"(max-width: 650px) 100vw, 650px\" \/><\/figure>\n<\/div>\n\n\n\n<div class=\"wp-block-column is-layout-flow\">\n<p class=\"has-text-align-center has-source-serif-pro-font-family has-large-font-size\" style=\"font-style:italic;font-weight:700\">Vende con nosotros<\/p>\n\n\n\n<p class=\"has-source-serif-pro-font-family has-medium-font-size\" style=\"font-style:italic;font-weight:700\">Somos conscientes de lo importante que es dejar, el que ha sido tu hogar, y confiar en un profesional que se encargue de llevarlo a cabo. Por eso, te acompa\u00f1aremos a lo largo de todo el proceso, negociaciones y tr\u00e1mites administrativos, de principio a fin. Te asesoraremos en cada paso con pleno conocimiento del mercado, m\u00e1xima honestidad y transparencia por nuestra parte para conseguir que se cumplan todas tus expectativas. Haremos que sea una experiencia agradable y tranquila.&nbsp;<\/p>\n\n\n\n<p class=\"has-source-serif-pro-font-family has-medium-font-size\" style=\"font-style:italic;font-weight:700\">Contamos con una gran variedad de redes sociales, en las cuales hay un gran movimiento de seguidores, deseando descubrir nuevos hogares.&nbsp;<\/p>\n<\/div>\n<\/div>\n\n\n\n<hr class=\"wp-block-separator alignwide has-alpha-channel-opacity\"\/>\n\n\n\n<div class=\"wp-block-columns alignwide is-layout-flex wp-container-11\">\n<div class=\"wp-block-column is-layout-flow\">\n<p class=\"has-text-align-center has-source-serif-pro-font-family has-large-font-size\" style=\"font-style:italic;font-weight:700\">Alquila con nosotros<\/p>\n\n\n\n<p class=\"has-source-serif-pro-font-family has-medium-font-size\" style=\"font-style:italic;font-weight:700\">Nuestro objetivo es agilizar y hacer sencillos todos los procesos. Te garantizamos que alquilar tu piso con nosotros, nunca habr\u00e1 sido tan f\u00e1cil.&nbsp;&nbsp;<\/p>\n\n\n\n<p class=\"has-source-serif-pro-font-family has-medium-font-size\" style=\"font-style:italic;font-weight:700\">Todo comienza conoci\u00e9ndonos y realizando una valoraci\u00f3n de la propiedad. Luego,&nbsp;nuestra fot\u00f3grafa&nbsp;sabr\u00e1 captar la esencia del lugar, priorizando su est\u00e9tica y autenticidad. Ver\u00e1s con la facilidad que fluye cuando lo compartamos con nuestros seguidores y las principales plataformas inmobiliarias.&nbsp;<\/p>\n\n\n\n<p class=\"has-source-serif-pro-font-family has-medium-font-size\" style=\"font-style:italic;font-weight:700\">Despreoc\u00fapate, nosotros nos encargamos de organizar y realizar las visitas. &nbsp;Te&nbsp;mantendremos informado en todo momento sobre c\u00f3mo va el proceso, y en menos de lo que te imaginas, te enviaremos un listado con los diferentes candidatos para que t\u00fa mismo puedas hacer la selecci\u00f3n del que consideras m\u00e1s adecuado para tu vivienda.&nbsp;<\/p>\n<\/div>\n\n\n\n<div class=\"wp-block-column is-vertically-aligned-center is-layout-flow\">\n<figure class=\"wp-block-gallery has-nested-images columns-default is-cropped wp-block-gallery-8 is-layout-flex\">\n<figure class=\"wp-block-image size-large\"><img decoding=\"async\" loading=\"lazy\" width=\"683\" height=\"1024\" src=\"https:\/\/uniqhomesrealestateagency.com\/wp-content\/uploads\/2023\/06\/Alquila-683x1024.jpg\" alt=\"\" class=\"wp-image-205\" srcset=\"https:\/\/uniqhomesrealestateagency.com\/wp-content\/uploads\/2023\/06\/Alquila-683x1024.jpg 683w, https:\/\/uniqhomesrealestateagency.com\/wp-content\/uploads\/2023\/06\/Alquila-200x300.jpg 200w, https:\/\/uniqhomesrealestateagency.com\/wp-content\/uploads\/2023\/06\/Alquila-768x1152.jpg 768w, https:\/\/uniqhomesrealestateagency.com\/wp-content\/uploads\/2023\/06\/Alquila-1024x1536.jpg 1024w, https:\/\/uniqhomesrealestateagency.com\/wp-content\/uploads\/2023\/06\/Alquila-1365x2048.jpg 1365w, https:\/\/uniqhomesrealestateagency.com\/wp-content\/uploads\/2023\/06\/Alquila-scaled.jpg 1707w\" sizes=\"(max-width: 683px) 100vw, 683px\" \/><\/figure>\n\n\n\n<figure class=\"wp-block-image size-large\"><img decoding=\"async\" loading=\"lazy\" width=\"683\" height=\"1024\" src=\"https:\/\/uniqhomesrealestateagency.com\/wp-content\/uploads\/2023\/06\/Alquila-con-nosotros-1-683x1024.jpeg\" alt=\"\" class=\"wp-image-206\" srcset=\"https:\/\/uniqhomesrealestateagency.com\/wp-content\/uploads\/2023\/06\/Alquila-con-nosotros-1-683x1024.jpeg 683w, https:\/\/uniqhomesrealestateagency.com\/wp-content\/uploads\/2023\/06\/Alquila-con-nosotros-1-200x300.jpeg 200w, https:\/\/uniqhomesrealestateagency.com\/wp-content\/uploads\/2023\/06\/Alquila-con-nosotros-1-768x1152.jpeg 768w, https:\/\/uniqhomesrealestateagency.com\/wp-content\/uploads\/2023\/06\/Alquila-con-nosotros-1-1024x1536.jpeg 1024w, https:\/\/uniqhomesrealestateagency.com\/wp-content\/uploads\/2023\/06\/Alquila-con-nosotros-1-1365x2048.jpeg 1365w, https:\/\/uniqhomesrealestateagency.com\/wp-content\/uploads\/2023\/06\/Alquila-con-nosotros-1-scaled.jpeg 1707w\" sizes=\"(max-width: 683px) 100vw, 683px\" \/><\/figure>\n<\/figure>\n<\/div>\n<\/div>\n","protected":false},"excerpt":{"rendered":"<p>Compra con nosotros \u00bfNo has encontrado lo que buscas? De ser as\u00ed, est\u00e1s en el lugar adecuado.&nbsp;&nbsp; Dinos cu\u00e1les son tus expectativas y nosotros nos encargamos de que se cumplan.&nbsp; No somos una inmobiliaria al uso. Somos tu&nbsp;personal&nbsp;shopper&nbsp;inmobiliario. Sabemos lo importante que es tu tiempo libre y las horas que se necesitan para buscar un [&hellip;]<\/p>\n","protected":false},"author":1,"featured_media":0,"parent":0,"menu_order":0,"comment_status":"closed","ping_status":"closed","template":"","meta":[],"_links":{"self":[{"href":"https:\/\/uniqhomesrealestateagency.com\/index.php\/wp-json\/wp\/v2\/pages\/194"}],"collection":[{"href":"https:\/\/uniqhomesrealestateagency.com\/index.php\/wp-json\/wp\/v2\/pages"}],"about":[{"href":"https:\/\/uniqhomesrealestateagency.com\/index.php\/wp-json\/wp\/v2\/types\/page"}],"author":[{"embeddable":true,"href":"https:\/\/uniqhomesrealestateagency.com\/index.php\/wp-json\/wp\/v2\/users\/1"}],"replies":[{"embeddable":true,"href":"https:\/\/uniqhomesrealestateagency.com\/index.php\/wp-json\/wp\/v2\/comments?post=194"}],"version-history":[{"count":6,"href":"https:\/\/uniqhomesrealestateagency.com\/index.php\/wp-json\/wp\/v2\/pages\/194\/revisions"}],"predecessor-version":[{"id":215,"href":"https:\/\/uniqhomesrealestateagency.com\/index.php\/wp-json\/wp\/v2\/pages\/194\/revisions\/215"}],"wp:attachment":[{"href":"https:\/\/uniqhomesrealestateagency.com\/index.php\/wp-json\/wp\/v2\/media?parent=194"}],"curies":[{"name":"wp","href":"https:\/\/api.w.org\/{rel}","templated":true}]}}